{"id":1768,"date":"2022-08-08T16:56:23","date_gmt":"2022-08-08T08:56:23","guid":{"rendered":"https:\/\/demo1.haoqianga.fun\/?post_type=product&#038;p=1768"},"modified":"2022-08-22T14:52:34","modified_gmt":"2022-08-22T06:52:34","slug":"phone-clip-base","status":"publish","type":"product","link":"https:\/\/oglemon.com\/fr\/products\/phone-clip-base\/","title":{"rendered":"PA-02 Base de clip de t\u00e9l\u00e9phone portable \u00e0 vis en m\u00e9tal"},"content":{"rendered":"","protected":false},"excerpt":{"rendered":"<p>Product model:PA-02<br \/>\nPhone clip inner diameter:65-90mm<br \/>\nWeight: 145g<br \/>\nMat\u00e9riau : alliage d&#039;aluminium<br \/>\nFunction: There is a cold shoe seat to expand the light, etc.<\/p>","protected":false},"featured_media":1909,"template":"","meta":{"rank_math_lock_modified_date":false,"_kad_blocks_custom_css":"","_kad_blocks_head_custom_js":"","_kad_blocks_body_custom_js":"","_kad_blocks_footer_custom_js":"","_kad_post_transparent":"default","_kad_post_title":"","_kad_post_layout":"default","_kad_post_sidebar_id":"","_kad_post_content_style":"default","_kad_post_vertical_padding":"default","_kad_post_feature":"","_kad_post_feature_position":"","_kad_post_header":false,"_kad_post_footer":false},"product_cat":[21],"product_tag":[],"class_list":{"0":"post-1768","1":"product","2":"type-product","3":"status-publish","4":"has-post-thumbnail","6":"product_cat-phone-tripods","8":"first","9":"instock","10":"shipping-taxable","11":"product-type-simple","12":"entry","13":"content-bg","14":"loop-entry"},"taxonomy_info":{"product_cat":[{"value":21,"label":"Phone Tripods"}]},"featured_image_src_large":["https:\/\/oglemon.com\/wp-content\/uploads\/2022\/08\/PA-02.jpg",750,750,false],"author_info":[],"comment_info":"","_links":{"self":[{"href":"https:\/\/oglemon.com\/fr\/wp-json\/wp\/v2\/product\/1768","targetHints":{"allow":["GET"]}}],"collection":[{"href":"https:\/\/oglemon.com\/fr\/wp-json\/wp\/v2\/product"}],"about":[{"href":"https:\/\/oglemon.com\/fr\/wp-json\/wp\/v2\/types\/product"}],"wp:featuredmedia":[{"embeddable":true,"href":"https:\/\/oglemon.com\/fr\/wp-json\/wp\/v2\/media\/1909"}],"wp:attachment":[{"href":"https:\/\/oglemon.com\/fr\/wp-json\/wp\/v2\/media?parent=1768"}],"wp:term":[{"taxonomy":"product_cat","embeddable":true,"href":"https:\/\/oglemon.com\/fr\/wp-json\/wp\/v2\/product_cat?post=1768"},{"taxonomy":"product_tag","embeddable":true,"href":"https:\/\/oglemon.com\/fr\/wp-json\/wp\/v2\/product_tag?post=1768"}],"curies":[{"name":"wp","href":"https:\/\/api.w.org\/{rel}","templated":true}]}}